{"id":7255,"date":"2023-11-20T10:02:38","date_gmt":"2023-11-20T15:02:38","guid":{"rendered":"https:\/\/toilesgr.com\/?page_id=7255"},"modified":"2024-01-12T10:47:44","modified_gmt":"2024-01-12T15:47:44","slug":"contact","status":"publish","type":"page","link":"https:\/\/toilesgr.com\/en\/contact\/","title":{"rendered":"Contact landing eng"},"content":{"rendered":"<div class=\"wpb-content-wrapper\">[vc_row][vc_column width=&#8221;1\/4&#8243;][\/vc_column][vc_column width=&#8221;1\/4&#8243;][\/vc_column][vc_column width=&#8221;1\/4&#8243;][\/vc_column][vc_column width=&#8221;1\/4&#8243;][mk_button dimension=&#8221;flat&#8221; url=&#8221;https:\/\/toilesgr.com\/contactez-nous\/&#8221; align=&#8221;right&#8221; button_custom_width=&#8221;150&#8243; id=&#8221;eng&#8221; bg_color=&#8221;#ffffff&#8221; btn_hover_bg=&#8221;#ffffff&#8221; btn_hover_txt_color=&#8221;#0a0a0a&#8221;]Fran\u00e7ais[\/mk_button][\/vc_column][\/vc_row][vc_row css=&#8221;.vc_custom_1700493596237{background-image: url(https:\/\/toilesgr.com\/wp-content\/uploads\/istockphoto-1424372867-2048&#215;2048-transformed.jpg?id=7263) !important;background-position: center !important;background-repeat: no-repeat !important;background-size: cover !important;}&#8221;][vc_column blend_mode=&#8221;multiply&#8221; css=&#8221;.vc_custom_1700501117500{background-image: url(https:\/\/toilesgr.com\/wp-content\/uploads\/untitled-design.png?id=7273) !important;background-position: center !important;background-repeat: no-repeat !important;background-size: cover !important;}&#8221;][mk_padding_divider size=&#8221;150&#8243;][\/vc_column][\/vc_row][vc_row][vc_column][vc_custom_heading text=&#8221;FIND WHAT YOU&#8217;RE LOOKING FOR&#8221; font_container=&#8221;tag:h2|text_align:center|color:%230a0a0a&#8221; google_fonts=&#8221;font_family:Raleway%3A100%2C200%2C300%2Cregular%2C500%2C600%2C700%2C800%2C900|font_style:700%20bold%20regular%3A700%3Anormal&#8221; css=&#8221;.vc_custom_1700501885189{border-radius: 3px !important;}&#8221;][vc_custom_heading text=&#8221;CONTACT US&#8221; font_container=&#8221;tag:h2|font_size:25|text_align:center|color:%230a0a0a&#8221; google_fonts=&#8221;font_family:Raleway%3A100%2C200%2C300%2Cregular%2C500%2C600%2C700%2C800%2C900|font_style:600%20bold%20regular%3A600%3Anormal&#8221; el_id=&#8221;intouch&#8221;][\/vc_column][\/vc_row][vc_row id=&#8221;frow&#8221;][vc_column border_color=&#8221;#ffffff&#8221; el_class=&#8221;cc&#8221; css=&#8221;.vc_custom_1700491940948{background-position: center !important;background-repeat: no-repeat !important;background-size: cover !important;}&#8221;][mk_padding_divider size=&#8221;15&#8243;]\n<div class=\"wpcf7 no-js\" id=\"wpcf7-f7280-o1\" lang=\"en-CA\" dir=\"ltr\" data-wpcf7-id=\"7280\">\n<div class=\"screen-reader-response\"><p role=\"status\" aria-live=\"polite\" aria-atomic=\"true\"><\/p> <ul><\/ul><\/div>\n<form action=\"\/en\/wp-json\/wp\/v2\/pages\/7255#wpcf7-f7280-o1\" method=\"post\" class=\"wpcf7-form init\" aria-label=\"Contact form\" novalidate=\"novalidate\" data-status=\"init\">\n<fieldset class=\"hidden-fields-container\"><input type=\"hidden\" name=\"_wpcf7\" value=\"7280\" \/><input type=\"hidden\" name=\"_wpcf7_version\" value=\"6.1.4\" \/><input type=\"hidden\" name=\"_wpcf7_locale\" value=\"en_CA\" \/><input type=\"hidden\" name=\"_wpcf7_unit_tag\" value=\"wpcf7-f7280-o1\" \/><input type=\"hidden\" name=\"_wpcf7_container_post\" value=\"0\" \/><input type=\"hidden\" name=\"_wpcf7_posted_data_hash\" value=\"\" \/><input type=\"hidden\" name=\"_wpcf7_recaptcha_response\" value=\"\" \/>\n<\/fieldset>\n<h2 class=\"titre\"> Contactez-nous\n<\/h2>\n<p><label> Votre nom*<br \/>\n<span class=\"wpcf7-form-control-wrap\" data-name=\"your-name\"><input size=\"40\" maxlength=\"400\" class=\"wpcf7-form-control wpcf7-text wpcf7-validates-as-required\" autocomplete=\"name\" aria-required=\"true\" aria-invalid=\"false\" value=\"\" type=\"text\" name=\"your-name\" \/><\/span> <\/label>\n<\/p>\n<p><label> Votre num\u00e9ro de t\u00e9l\u00e9phone*<br \/>\n<span class=\"wpcf7-form-control-wrap\" data-name=\"your-tel\"><input size=\"40\" maxlength=\"400\" class=\"wpcf7-form-control wpcf7-tel wpcf7-validates-as-required wpcf7-text wpcf7-validates-as-tel\" autocomplete=\"tel\" aria-required=\"true\" aria-invalid=\"false\" value=\"\" type=\"tel\" name=\"your-tel\" \/><\/span> <\/label>\n<\/p>\n<p><label> Votre adresse courriel<br \/>\n<span class=\"wpcf7-form-control-wrap\" data-name=\"your-email\"><input size=\"40\" maxlength=\"400\" class=\"wpcf7-form-control wpcf7-email wpcf7-validates-as-required wpcf7-text wpcf7-validates-as-email\" autocomplete=\"email\" aria-required=\"true\" aria-invalid=\"false\" value=\"\" type=\"email\" name=\"your-email\" \/><\/span> <\/label>\n<\/p>\n<p><label> Laissez-nous savoir quels produits vous int\u00e9resse*<\/label>\n<\/p>\n<div class=\"options\">\n\t<p><label for=\"opt1\" class=\"option-names\"><br \/>\n<input type=\"checkbox\" name=\"opt1\" id=\"opt1\" \/><span class=\"long\"> Toiles et b\u00e2ches de camion (autre v\u00e9hicule de transport)<\/span> <\/label>\n\t<\/p>\n\t<p><label for=\"opt2\" class=\"option-names\"><br \/>\n<input type=\"checkbox\" name=\"opt2\" id=\"opt2\" \/><span> B\u00e2ches de construction<\/span> <\/label>\n\t<\/p>\n\t<p><label for=\"opt3\" class=\"option-names\"><br \/>\n<input type=\"checkbox\" name=\"opt3\" id=\"opt3\" \/> <span>Rideaux sur mesure<\/span> <\/label>\n\t<\/p>\n\t<p><label for=\"opt4\" class=\"option-names long\" ><br \/>\n<input type=\"checkbox\" name=\"opt4\" id=\"opt4\" \/><span class=\"long\">Toiles et\/ou filets de patinoire<\/span> <\/label>\n\t<\/p>\n\t<p><label for=\"opt5\" class=\"option-names\"><br \/>\n<input type=\"checkbox\" name=\"opt5\" id=\"opt5\" \/><span>Housses de protection<\/span><\/label>\n\t<\/p>\n\t<p><label for=\"opt6\" class=\"option-names\"><br \/>\n<input type=\"checkbox\" name=\"opt6\" id=\"opt6\" \/> <span>Autre(s)<\/span><\/label>\n\t<\/p>\n<\/div>\n<p id=\"petit-titre\"> Vous n'\u00eates pas certain de ce dont vous avez besoin?<br \/>\nLaissez-nous vous conseiller\n<\/p>\n<p><label id=\"other\"> Entrez ce que vous recherchez ci-bas (optionnel)<br \/>\n<span class=\"wpcf7-form-control-wrap\" data-name=\"your-message\"><textarea cols=\"40\" rows=\"10\" maxlength=\"2000\" class=\"wpcf7-form-control wpcf7-textarea\" aria-invalid=\"false\" name=\"your-message\"><\/textarea><\/span> <\/label>\n<\/p>\n<p><input type=\"submit\" value=\"Envoyer\" \/>\n<\/p><div class=\"wpcf7-response-output\" aria-hidden=\"true\"><\/div>\n<\/form>\n<\/div>\n[mk_padding_divider size=&#8221;20&#8243;][\/vc_column][\/vc_row][vc_row][vc_column][vc_custom_heading text=&#8221;PRODUCT SUMMARY&#8221; font_container=&#8221;tag:h2|text_align:center|color:%230a0a0a&#8221; google_fonts=&#8221;font_family:Raleway%3A100%2C200%2C300%2Cregular%2C500%2C600%2C700%2C800%2C900|font_style:700%20bold%20regular%3A700%3Anormal&#8221; el_id=&#8221;prod&#8221;][\/vc_column][\/vc_row][vc_row][vc_column width=&#8221;1\/3&#8243;][vc_custom_heading text=&#8221;Construction tarps&#8221; font_container=&#8221;tag:h2|font_size:25|text_align:center|color:%230a0a0a&#8221; google_fonts=&#8221;font_family:Raleway%3A100%2C200%2C300%2Cregular%2C500%2C600%2C700%2C800%2C900|font_style:600%20bold%20regular%3A600%3Anormal&#8221;][vc_custom_heading text=&#8221;Ice rink tarps and protective nets&#8221; font_container=&#8221;tag:h2|font_size:25|text_align:center|color:%230a0a0a&#8221; google_fonts=&#8221;font_family:Raleway%3A100%2C200%2C300%2Cregular%2C500%2C600%2C700%2C800%2C900|font_style:600%20bold%20regular%3A600%3Anormal&#8221;][vc_custom_heading text=&#8221;Tie-down and lifting hardware&#8221; font_container=&#8221;tag:h2|font_size:25|text_align:center|color:%230a0a0a&#8221; google_fonts=&#8221;font_family:Raleway%3A100%2C200%2C300%2Cregular%2C500%2C600%2C700%2C800%2C900|font_style:600%20bold%20regular%3A600%3Anormal&#8221;][\/vc_column][vc_column width=&#8221;1\/3&#8243;][vc_custom_heading text=&#8221;Tarpaulins for the transportation industry&#8221; font_container=&#8221;tag:h2|font_size:25|text_align:center|color:%230a0a0a&#8221; google_fonts=&#8221;font_family:Raleway%3A100%2C200%2C300%2Cregular%2C500%2C600%2C700%2C800%2C900|font_style:600%20bold%20regular%3A600%3Anormal&#8221;][vc_custom_heading text=&#8221;Tarps and covers for golf course&#8221; font_container=&#8221;tag:h2|font_size:25|text_align:center|color:%230a0a0a&#8221; google_fonts=&#8221;font_family:Raleway%3A100%2C200%2C300%2Cregular%2C500%2C600%2C700%2C800%2C900|font_style:600%20bold%20regular%3A600%3Anormal&#8221;][vc_custom_heading text=&#8221;Aluminum chests and accessories&#8221; font_container=&#8221;tag:h2|font_size:25|text_align:center|color:%230a0a0a&#8221; google_fonts=&#8221;font_family:Raleway%3A100%2C200%2C300%2Cregular%2C500%2C600%2C700%2C800%2C900|font_style:600%20bold%20regular%3A600%3Anormal&#8221;][\/vc_column][vc_column width=&#8221;1\/3&#8243;][vc_custom_heading text=&#8221;Custom curtains&#8221; font_container=&#8221;tag:h2|font_size:25|text_align:center|color:%230a0a0a&#8221; google_fonts=&#8221;font_family:Raleway%3A100%2C200%2C300%2Cregular%2C500%2C600%2C700%2C800%2C900|font_style:600%20bold%20regular%3A600%3Anormal&#8221;][vc_custom_heading text=&#8221;Protective covers&#8221; font_container=&#8221;tag:h2|font_size:25|text_align:center|color:%230a0a0a&#8221; google_fonts=&#8221;font_family:Raleway%3A100%2C200%2C300%2Cregular%2C500%2C600%2C700%2C800%2C900|font_style:600%20bold%20regular%3A600%3Anormal&#8221;][vc_custom_heading text=&#8221;Custom tarpaulins and covers&#8221; font_container=&#8221;tag:h2|font_size:25|text_align:center|color:%230a0a0a&#8221; google_fonts=&#8221;font_family:Raleway%3A100%2C200%2C300%2Cregular%2C500%2C600%2C700%2C800%2C900|font_style:600%20bold%20regular%3A600%3Anormal&#8221;][\/vc_column][\/vc_row][vc_row][vc_column][mk_button dimension=&#8221;flat&#8221; size=&#8221;large&#8221; url=&#8221;#frow&#8221; nofollow=&#8221;true&#8221; align=&#8221;center&#8221; id=&#8221;scroll&#8221; bg_color=&#8221;#ffffff&#8221; btn_hover_bg=&#8221;#1434a4&#8243; btn_hover_txt_color=&#8221;#ffffff&#8221;]Reach out for more information[\/mk_button][\/vc_column][\/vc_row][vc_row][vc_column width=&#8221;1\/2&#8243;][mk_button dimension=&#8221;flat&#8221; size=&#8221;large&#8221; url=&#8221;tel:5146319812&#8243; target=&#8221;_blank&#8221; nofollow=&#8221;true&#8221; align=&#8221;center&#8221; id=&#8221;joindre&#8221; bg_color=&#8221;#ffffff&#8221; btn_hover_txt_color=&#8221;#0a0a0a&#8221;]Give us a call[\/mk_button][\/vc_column][vc_column width=&#8221;1\/2&#8243;][mk_button dimension=&#8221;flat&#8221; size=&#8221;large&#8221; url=&#8221;https:\/\/www.google.com\/maps\/dir\/45.4721536,-73.7181696\/JML+(JML%2F+Toiles+GR+Inc.)\/@45.4665295,-73.7329562,15z\/data=!3m1!4b1!4m9!4m8!1m1!4e1!1m5!1m1!1s0x4cc917cd122c7cc3:0x404cbd414dc4600d!2m2!1d-73.7208055!2d45.4627276?entry=ttu&#8221; target=&#8221;_blank&#8221; nofollow=&#8221;true&#8221; align=&#8221;center&#8221; id=&#8221;joindre&#8221; margin_right=&#8221;0&#8243; bg_color=&#8221;#ffffff&#8221; btn_hover_txt_color=&#8221;#0a0a0a&#8221;]Visit us[\/mk_button][\/vc_column][\/vc_row]\n<\/div>","protected":false},"excerpt":{"rendered":"<p>[vc_row][vc_column width=&#8221;1\/4&#8243;][\/vc_column][vc_column width=&#8221;1\/4&#8243;][\/vc_column][vc_column width=&#8221;1\/4&#8243;][\/vc_column][vc_column width=&#8221;1\/4&#8243;][mk_button dimension=&#8221;flat&#8221; url=&#8221;https:\/\/toilesgr.com\/contactez-nous\/&#8221; align=&#8221;right&#8221; button_custom_width=&#8221;150&#8243; id=&#8221;eng&#8221; bg_color=&#8221;#ffffff&#8221; btn_hover_bg=&#8221;#ffffff&#8221; btn_hover_txt_color=&#8221;#0a0a0a&#8221;]Fran\u00e7ais[\/mk_button][\/vc_column][\/vc_row][vc_row css=&#8221;.vc_custom_1700493596237{background-image: url(https:\/\/toilesgr.com\/wp-content\/uploads\/istockphoto-1424372867-2048&#215;2048-transformed.jpg?id=7263) !important;background-position: center !important;background-repeat: no-repeat !important;background-size: cover !important;}&#8221;][vc_column blend_mode=&#8221;multiply&#8221; css=&#8221;.vc_custom_1700501117500{background-image: url(https:\/\/toilesgr.com\/wp-content\/uploads\/untitled-design.png?id=7273) !important;background-position: center !important;background-repeat: no-repeat !important;background-size: cover !important;}&#8221;][mk_padding_divider size=&#8221;150&#8243;][\/vc_column][\/vc_row][vc_row][vc_column][vc_custom_heading text=&#8221;FIND WHAT YOU&#8217;RE LOOKING FOR&#8221; font_container=&#8221;tag:h2|text_align:center|color:%230a0a0a&#8221; google_fonts=&#8221;font_family:Raleway%3A100%2C200%2C300%2Cregular%2C500%2C600%2C700%2C800%2C900|font_style:700%20bold%20regular%3A700%3Anormal&#8221; css=&#8221;.vc_custom_1700501885189{border-radius: 3px !important;}&#8221;][vc_custom_heading text=&#8221;CONTACT US&#8221; font_container=&#8221;tag:h2|font_size:25|text_align:center|color:%230a0a0a&#8221; google_fonts=&#8221;font_family:Raleway%3A100%2C200%2C300%2Cregular%2C500%2C600%2C700%2C800%2C900|font_style:600%20bold%20regular%3A600%3Anormal&#8221; el_id=&#8221;intouch&#8221;][\/vc_column][\/vc_row][vc_row id=&#8221;frow&#8221;][vc_column border_color=&#8221;#ffffff&#8221; el_class=&#8221;cc&#8221; css=&#8221;.vc_custom_1700491940948{background-position: center !important;background-repeat: no-repeat [&hellip;]<\/p>\n","protected":false},"author":14,"featured_media":0,"parent":0,"menu_order":0,"comment_status":"closed","ping_status":"closed","template":"","meta":{"om_disable_all_campaigns":false,"footnotes":""},"class_list":["post-7255","page","type-page","status-publish","hentry"],"yoast_head":"<!-- This site is optimized with the Yoast SEO plugin v26.7 - https:\/\/yoast.com\/wordpress\/plugins\/seo\/ -->\n<title>Contact Us - Toiles G.R<\/title>\n<meta name=\"description\" content=\"Tarpaulins for transportation industry, construction tarps, protective covers, custom curtains, golf course covers, ice rink covers, custom tarps and covers and much more. Reach out for more info!\" \/>\n<meta name=\"robots\" content=\"index, follow, max-snippet:-1, max-image-preview:large, max-video-preview:-1\" \/>\n<link rel=\"canonical\" href=\"https:\/\/toilesgr.com\/en\/contact\/\" \/>\n<meta property=\"og:locale\" content=\"en_US\" \/>\n<meta property=\"og:type\" content=\"article\" \/>\n<meta property=\"og:title\" content=\"Contact Us - Toiles G.R\" \/>\n<meta property=\"og:description\" content=\"Tarpaulins for transportation industry, construction tarps, protective covers, custom curtains, golf course covers, ice rink covers, custom tarps and covers and much more. Reach out for more info!\" \/>\n<meta property=\"og:url\" content=\"https:\/\/toilesgr.com\/en\/contact\/\" \/>\n<meta property=\"og:site_name\" content=\"Toiles GR\" \/>\n<meta property=\"article:modified_time\" content=\"2024-01-12T15:47:44+00:00\" \/>\n<meta name=\"twitter:card\" content=\"summary_large_image\" \/>\n<meta name=\"twitter:label1\" content=\"Est. reading time\" \/>\n\t<meta name=\"twitter:data1\" content=\"1 minute\" \/>\n<script type=\"application\/ld+json\" class=\"yoast-schema-graph\">{\"@context\":\"https:\/\/schema.org\",\"@graph\":[{\"@type\":\"WebPage\",\"@id\":\"https:\/\/toilesgr.com\/en\/contact\/\",\"url\":\"https:\/\/toilesgr.com\/en\/contact\/\",\"name\":\"Contact Us - Toiles G.R\",\"isPartOf\":{\"@id\":\"https:\/\/toilesgr.com\/#website\"},\"datePublished\":\"2023-11-20T15:02:38+00:00\",\"dateModified\":\"2024-01-12T15:47:44+00:00\",\"description\":\"Tarpaulins for transportation industry, construction tarps, protective covers, custom curtains, golf course covers, ice rink covers, custom tarps and covers and much more. Reach out for more info!\",\"breadcrumb\":{\"@id\":\"https:\/\/toilesgr.com\/en\/contact\/#breadcrumb\"},\"inLanguage\":\"en-CA\",\"potentialAction\":[{\"@type\":\"ReadAction\",\"target\":[\"https:\/\/toilesgr.com\/en\/contact\/\"]}]},{\"@type\":\"BreadcrumbList\",\"@id\":\"https:\/\/toilesgr.com\/en\/contact\/#breadcrumb\",\"itemListElement\":[{\"@type\":\"ListItem\",\"position\":1,\"name\":\"Home\",\"item\":\"https:\/\/toilesgr.com\/en\/\"},{\"@type\":\"ListItem\",\"position\":2,\"name\":\"Contact landing eng\"}]},{\"@type\":\"WebSite\",\"@id\":\"https:\/\/toilesgr.com\/#website\",\"url\":\"https:\/\/toilesgr.com\/\",\"name\":\"Toiles GR\",\"description\":\"\",\"potentialAction\":[{\"@type\":\"SearchAction\",\"target\":{\"@type\":\"EntryPoint\",\"urlTemplate\":\"https:\/\/toilesgr.com\/?s={search_term_string}\"},\"query-input\":{\"@type\":\"PropertyValueSpecification\",\"valueRequired\":true,\"valueName\":\"search_term_string\"}}],\"inLanguage\":\"en-CA\"}]}<\/script>\n<!-- \/ Yoast SEO plugin. -->","yoast_head_json":{"title":"Contact Us - Toiles G.R","description":"Tarpaulins for transportation industry, construction tarps, protective covers, custom curtains, golf course covers, ice rink covers, custom tarps and covers and much more. Reach out for more info!","robots":{"index":"index","follow":"follow","max-snippet":"max-snippet:-1","max-image-preview":"max-image-preview:large","max-video-preview":"max-video-preview:-1"},"canonical":"https:\/\/toilesgr.com\/en\/contact\/","og_locale":"en_US","og_type":"article","og_title":"Contact Us - Toiles G.R","og_description":"Tarpaulins for transportation industry, construction tarps, protective covers, custom curtains, golf course covers, ice rink covers, custom tarps and covers and much more. Reach out for more info!","og_url":"https:\/\/toilesgr.com\/en\/contact\/","og_site_name":"Toiles GR","article_modified_time":"2024-01-12T15:47:44+00:00","twitter_card":"summary_large_image","twitter_misc":{"Est. reading time":"1 minute"},"schema":{"@context":"https:\/\/schema.org","@graph":[{"@type":"WebPage","@id":"https:\/\/toilesgr.com\/en\/contact\/","url":"https:\/\/toilesgr.com\/en\/contact\/","name":"Contact Us - Toiles G.R","isPartOf":{"@id":"https:\/\/toilesgr.com\/#website"},"datePublished":"2023-11-20T15:02:38+00:00","dateModified":"2024-01-12T15:47:44+00:00","description":"Tarpaulins for transportation industry, construction tarps, protective covers, custom curtains, golf course covers, ice rink covers, custom tarps and covers and much more. Reach out for more info!","breadcrumb":{"@id":"https:\/\/toilesgr.com\/en\/contact\/#breadcrumb"},"inLanguage":"en-CA","potentialAction":[{"@type":"ReadAction","target":["https:\/\/toilesgr.com\/en\/contact\/"]}]},{"@type":"BreadcrumbList","@id":"https:\/\/toilesgr.com\/en\/contact\/#breadcrumb","itemListElement":[{"@type":"ListItem","position":1,"name":"Home","item":"https:\/\/toilesgr.com\/en\/"},{"@type":"ListItem","position":2,"name":"Contact landing eng"}]},{"@type":"WebSite","@id":"https:\/\/toilesgr.com\/#website","url":"https:\/\/toilesgr.com\/","name":"Toiles GR","description":"","potentialAction":[{"@type":"SearchAction","target":{"@type":"EntryPoint","urlTemplate":"https:\/\/toilesgr.com\/?s={search_term_string}"},"query-input":{"@type":"PropertyValueSpecification","valueRequired":true,"valueName":"search_term_string"}}],"inLanguage":"en-CA"}]}},"_links":{"self":[{"href":"https:\/\/toilesgr.com\/en\/wp-json\/wp\/v2\/pages\/7255","targetHints":{"allow":["GET"]}}],"collection":[{"href":"https:\/\/toilesgr.com\/en\/wp-json\/wp\/v2\/pages"}],"about":[{"href":"https:\/\/toilesgr.com\/en\/wp-json\/wp\/v2\/types\/page"}],"author":[{"embeddable":true,"href":"https:\/\/toilesgr.com\/en\/wp-json\/wp\/v2\/users\/14"}],"replies":[{"embeddable":true,"href":"https:\/\/toilesgr.com\/en\/wp-json\/wp\/v2\/comments?post=7255"}],"version-history":[{"count":0,"href":"https:\/\/toilesgr.com\/en\/wp-json\/wp\/v2\/pages\/7255\/revisions"}],"wp:attachment":[{"href":"https:\/\/toilesgr.com\/en\/wp-json\/wp\/v2\/media?parent=7255"}],"curies":[{"name":"wp","href":"https:\/\/api.w.org\/{rel}","templated":true}]}}